{"id":2,"date":"2023-05-18T17:18:34","date_gmt":"2023-05-18T17:18:34","guid":{"rendered":"https:\/\/jetx.guide\/fr\/?page_id=2"},"modified":"2025-04-14T06:33:42","modified_gmt":"2025-04-14T06:33:42","slug":"sample-page","status":"publish","type":"page","link":"https:\/\/jetx.guide\/fr\/","title":{"rendered":"Accueil"},"content":{"rendered":"","protected":false},"excerpt":{"rendered":"","protected":false},"author":1,"featured_media":0,"parent":0,"menu_order":0,"comment_status":"closed","ping_status":"open","template":"","meta":{"footnotes":""},"class_list":["post-2","page","type-page","status-publish","hentry"],"yoast_head":"<!-- This site is optimized with the Yoast SEO plugin v24.8.1 - https:\/\/yoast.com\/wordpress\/plugins\/seo\/ -->\n<title>Jouer \u00e0 JetX en ligne \u25ba Gagner gros avec des paris en argent r\u00e9el !<\/title>\n<meta name=\"description\" content=\"Vivez le frisson de JetX, le jeu de pari en ligne dynamique. Mettez en place des strat\u00e9gies, pariez et gagnez gros gr\u00e2ce au jeu en temps r\u00e9el. Rejoignez des r\u00e9compenses excitantes !\" \/>\n<meta name=\"robots\" content=\"index, follow, max-snippet:-1, max-image-preview:large, max-video-preview:-1\" \/>\n<meta property=\"og:locale\" content=\"fr_FR\" \/>\n<meta property=\"og:type\" content=\"article\" \/>\n<meta property=\"og:title\" content=\"Jouer \u00e0 JetX en ligne \u25ba Gagner gros avec des paris en argent r\u00e9el !\" \/>\n<meta property=\"og:description\" content=\"Vivez le frisson de JetX, le jeu de pari en ligne dynamique. Mettez en place des strat\u00e9gies, pariez et gagnez gros gr\u00e2ce au jeu en temps r\u00e9el. Rejoignez des r\u00e9compenses excitantes !\" \/>\n<meta property=\"og:url\" content=\"https:\/\/jetx.guide\/fr\/\" \/>\n<meta property=\"og:site_name\" content=\"JetX fr\" \/>\n<meta property=\"article:modified_time\" content=\"2025-04-14T06:33:42+00:00\" \/>\n<meta name=\"twitter:card\" content=\"summary_large_image\" \/>\n<script type=\"application\/ld+json\" class=\"yoast-schema-graph\">{\"@context\":\"https:\/\/schema.org\",\"@graph\":[{\"@type\":\"WebPage\",\"@id\":\"https:\/\/jetx.guide\/fr\/\",\"url\":\"https:\/\/jetx.guide\/fr\/\",\"name\":\"Jouer \u00e0 JetX en ligne \u25ba Gagner gros avec des paris en argent r\u00e9el !\",\"isPartOf\":{\"@id\":\"https:\/\/jetx.guide\/fr\/#website\"},\"datePublished\":\"2023-05-18T17:18:34+00:00\",\"dateModified\":\"2025-04-14T06:33:42+00:00\",\"description\":\"Vivez le frisson de JetX, le jeu de pari en ligne dynamique. Mettez en place des strat\u00e9gies, pariez et gagnez gros gr\u00e2ce au jeu en temps r\u00e9el. Rejoignez des r\u00e9compenses excitantes !\",\"breadcrumb\":{\"@id\":\"https:\/\/jetx.guide\/fr\/#breadcrumb\"},\"inLanguage\":\"fr-FR\",\"potentialAction\":[{\"@type\":\"ReadAction\",\"target\":[\"https:\/\/jetx.guide\/fr\/\"]}]},{\"@type\":\"BreadcrumbList\",\"@id\":\"https:\/\/jetx.guide\/fr\/#breadcrumb\",\"itemListElement\":[{\"@type\":\"ListItem\",\"position\":1,\"name\":\"\u0413\u043b\u0430\u0432\u043d\u0430\u044f \u0441\u0442\u0440\u0430\u043d\u0438\u0446\u0430\",\"item\":\"https:\/\/jetx.guide\/fr\/\"},{\"@type\":\"ListItem\",\"position\":2,\"name\":\"Accueil\"}]},{\"@type\":\"WebSite\",\"@id\":\"https:\/\/jetx.guide\/fr\/#website\",\"url\":\"https:\/\/jetx.guide\/fr\/\",\"name\":\"JetX fr\",\"description\":\"My WordPress Blog\",\"potentialAction\":[{\"@type\":\"SearchAction\",\"target\":{\"@type\":\"EntryPoint\",\"urlTemplate\":\"https:\/\/jetx.guide\/fr\/?s={search_term_string}\"},\"query-input\":{\"@type\":\"PropertyValueSpecification\",\"valueRequired\":true,\"valueName\":\"search_term_string\"}}],\"inLanguage\":\"fr-FR\"}]}<\/script>\n<!-- \/ Yoast SEO plugin. -->","yoast_head_json":{"title":"Jouer \u00e0 JetX en ligne \u25ba Gagner gros avec des paris en argent r\u00e9el !","description":"Vivez le frisson de JetX, le jeu de pari en ligne dynamique. Mettez en place des strat\u00e9gies, pariez et gagnez gros gr\u00e2ce au jeu en temps r\u00e9el. Rejoignez des r\u00e9compenses excitantes !","robots":{"index":"index","follow":"follow","max-snippet":"max-snippet:-1","max-image-preview":"max-image-preview:large","max-video-preview":"max-video-preview:-1"},"og_locale":"fr_FR","og_type":"article","og_title":"Jouer \u00e0 JetX en ligne \u25ba Gagner gros avec des paris en argent r\u00e9el !","og_description":"Vivez le frisson de JetX, le jeu de pari en ligne dynamique. Mettez en place des strat\u00e9gies, pariez et gagnez gros gr\u00e2ce au jeu en temps r\u00e9el. Rejoignez des r\u00e9compenses excitantes !","og_url":"https:\/\/jetx.guide\/fr\/","og_site_name":"JetX fr","article_modified_time":"2025-04-14T06:33:42+00:00","twitter_card":"summary_large_image","schema":{"@context":"https:\/\/schema.org","@graph":[{"@type":"WebPage","@id":"https:\/\/jetx.guide\/fr\/","url":"https:\/\/jetx.guide\/fr\/","name":"Jouer \u00e0 JetX en ligne \u25ba Gagner gros avec des paris en argent r\u00e9el !","isPartOf":{"@id":"https:\/\/jetx.guide\/fr\/#website"},"datePublished":"2023-05-18T17:18:34+00:00","dateModified":"2025-04-14T06:33:42+00:00","description":"Vivez le frisson de JetX, le jeu de pari en ligne dynamique. Mettez en place des strat\u00e9gies, pariez et gagnez gros gr\u00e2ce au jeu en temps r\u00e9el. Rejoignez des r\u00e9compenses excitantes !","breadcrumb":{"@id":"https:\/\/jetx.guide\/fr\/#breadcrumb"},"inLanguage":"fr-FR","potentialAction":[{"@type":"ReadAction","target":["https:\/\/jetx.guide\/fr\/"]}]},{"@type":"BreadcrumbList","@id":"https:\/\/jetx.guide\/fr\/#breadcrumb","itemListElement":[{"@type":"ListItem","position":1,"name":"\u0413\u043b\u0430\u0432\u043d\u0430\u044f \u0441\u0442\u0440\u0430\u043d\u0438\u0446\u0430","item":"https:\/\/jetx.guide\/fr\/"},{"@type":"ListItem","position":2,"name":"Accueil"}]},{"@type":"WebSite","@id":"https:\/\/jetx.guide\/fr\/#website","url":"https:\/\/jetx.guide\/fr\/","name":"JetX fr","description":"My WordPress Blog","potentialAction":[{"@type":"SearchAction","target":{"@type":"EntryPoint","urlTemplate":"https:\/\/jetx.guide\/fr\/?s={search_term_string}"},"query-input":{"@type":"PropertyValueSpecification","valueRequired":true,"valueName":"search_term_string"}}],"inLanguage":"fr-FR"}]}},"_links":{"self":[{"href":"https:\/\/jetx.guide\/fr\/wp-json\/wp\/v2\/pages\/2","targetHints":{"allow":["GET"]}}],"collection":[{"href":"https:\/\/jetx.guide\/fr\/wp-json\/wp\/v2\/pages"}],"about":[{"href":"https:\/\/jetx.guide\/fr\/wp-json\/wp\/v2\/types\/page"}],"author":[{"embeddable":true,"href":"https:\/\/jetx.guide\/fr\/wp-json\/wp\/v2\/users\/1"}],"replies":[{"embeddable":true,"href":"https:\/\/jetx.guide\/fr\/wp-json\/wp\/v2\/comments?post=2"}],"version-history":[{"count":17,"href":"https:\/\/jetx.guide\/fr\/wp-json\/wp\/v2\/pages\/2\/revisions"}],"predecessor-version":[{"id":194,"href":"https:\/\/jetx.guide\/fr\/wp-json\/wp\/v2\/pages\/2\/revisions\/194"}],"wp:attachment":[{"href":"https:\/\/jetx.guide\/fr\/wp-json\/wp\/v2\/media?parent=2"}],"curies":[{"name":"wp","href":"https:\/\/api.w.org\/{rel}","templated":true}]}}