{"id":2,"date":"2023-05-18T17:18:34","date_gmt":"2023-05-18T17:18:34","guid":{"rendered":"https:\/\/jetx.guide\/ro\/?page_id=2"},"modified":"2025-07-03T10:45:35","modified_gmt":"2025-07-03T10:45:35","slug":"sample-page","status":"publish","type":"page","link":"https:\/\/jetx.guide\/ro\/","title":{"rendered":"Pagina principal\u0103"},"content":{"rendered":"","protected":false},"excerpt":{"rendered":"","protected":false},"author":1,"featured_media":0,"parent":0,"menu_order":0,"comment_status":"closed","ping_status":"open","template":"","meta":{"footnotes":""},"class_list":["post-2","page","type-page","status-publish","hentry"],"yoast_head":"<!-- This site is optimized with the Yoast SEO plugin v24.8.1 - https:\/\/yoast.com\/wordpress\/plugins\/seo\/ -->\n<title>Joac\u0103 JetX Online &gt; C\u00e2\u0219tig\u0103 sume mari pariind pe bani reali!<\/title>\n<meta name=\"description\" content=\"Experimenteaz\u0103 fiorul JetX, jocul dinamic de pariuri online. Elaboreaz\u0103 strategii, pariaz\u0103 \u0219i c\u00e2\u0219tig\u0103 sume mari cu jocuri \u00een timp real.\" \/>\n<meta name=\"robots\" content=\"noindex, follow, max-snippet:-1, max-image-preview:large, max-video-preview:-1\" \/>\n<meta property=\"og:locale\" content=\"ro_RO\" \/>\n<meta property=\"og:type\" content=\"article\" \/>\n<meta property=\"og:title\" content=\"Joac\u0103 JetX Online &gt; C\u00e2\u0219tig\u0103 sume mari pariind pe bani reali!\" \/>\n<meta property=\"og:description\" content=\"Experimenteaz\u0103 fiorul JetX, jocul dinamic de pariuri online. Elaboreaz\u0103 strategii, pariaz\u0103 \u0219i c\u00e2\u0219tig\u0103 sume mari cu jocuri \u00een timp real.\" \/>\n<meta property=\"og:url\" content=\"https:\/\/jetx.guide\/ro\/\" \/>\n<meta property=\"og:site_name\" content=\"JetX RO\" \/>\n<meta property=\"article:modified_time\" content=\"2025-07-03T10:45:35+00:00\" \/>\n<meta name=\"twitter:card\" content=\"summary_large_image\" \/>\n<script type=\"application\/ld+json\" class=\"yoast-schema-graph\">{\"@context\":\"https:\/\/schema.org\",\"@graph\":[{\"@type\":\"WebPage\",\"@id\":\"https:\/\/jetx.guide\/ro\/\",\"url\":\"https:\/\/jetx.guide\/ro\/\",\"name\":\"Joac\u0103 JetX Online > C\u00e2\u0219tig\u0103 sume mari pariind pe bani reali!\",\"isPartOf\":{\"@id\":\"https:\/\/jetx.guide\/ro\/#website\"},\"datePublished\":\"2023-05-18T17:18:34+00:00\",\"dateModified\":\"2025-07-03T10:45:35+00:00\",\"description\":\"Experimenteaz\u0103 fiorul JetX, jocul dinamic de pariuri online. Elaboreaz\u0103 strategii, pariaz\u0103 \u0219i c\u00e2\u0219tig\u0103 sume mari cu jocuri \u00een timp real.\",\"breadcrumb\":{\"@id\":\"https:\/\/jetx.guide\/ro\/#breadcrumb\"},\"inLanguage\":\"ro-RO\",\"potentialAction\":[{\"@type\":\"ReadAction\",\"target\":[\"https:\/\/jetx.guide\/ro\/\"]}]},{\"@type\":\"BreadcrumbList\",\"@id\":\"https:\/\/jetx.guide\/ro\/#breadcrumb\",\"itemListElement\":[{\"@type\":\"ListItem\",\"position\":1,\"name\":\"\u0413\u043b\u0430\u0432\u043d\u0430\u044f \u0441\u0442\u0440\u0430\u043d\u0438\u0446\u0430\",\"item\":\"https:\/\/jetx.guide\/ro\/\"},{\"@type\":\"ListItem\",\"position\":2,\"name\":\"Pagina principal\u0103\"}]},{\"@type\":\"WebSite\",\"@id\":\"https:\/\/jetx.guide\/ro\/#website\",\"url\":\"https:\/\/jetx.guide\/ro\/\",\"name\":\"JetX RO\",\"description\":\"My WordPress Blog\",\"potentialAction\":[{\"@type\":\"SearchAction\",\"target\":{\"@type\":\"EntryPoint\",\"urlTemplate\":\"https:\/\/jetx.guide\/ro\/?s={search_term_string}\"},\"query-input\":{\"@type\":\"PropertyValueSpecification\",\"valueRequired\":true,\"valueName\":\"search_term_string\"}}],\"inLanguage\":\"ro-RO\"}]}<\/script>\n<!-- \/ Yoast SEO plugin. -->","yoast_head_json":{"title":"Joac\u0103 JetX Online > C\u00e2\u0219tig\u0103 sume mari pariind pe bani reali!","description":"Experimenteaz\u0103 fiorul JetX, jocul dinamic de pariuri online. Elaboreaz\u0103 strategii, pariaz\u0103 \u0219i c\u00e2\u0219tig\u0103 sume mari cu jocuri \u00een timp real.","robots":{"index":"noindex","follow":"follow","max-snippet":"max-snippet:-1","max-image-preview":"max-image-preview:large","max-video-preview":"max-video-preview:-1"},"og_locale":"ro_RO","og_type":"article","og_title":"Joac\u0103 JetX Online > C\u00e2\u0219tig\u0103 sume mari pariind pe bani reali!","og_description":"Experimenteaz\u0103 fiorul JetX, jocul dinamic de pariuri online. Elaboreaz\u0103 strategii, pariaz\u0103 \u0219i c\u00e2\u0219tig\u0103 sume mari cu jocuri \u00een timp real.","og_url":"https:\/\/jetx.guide\/ro\/","og_site_name":"JetX RO","article_modified_time":"2025-07-03T10:45:35+00:00","twitter_card":"summary_large_image","schema":{"@context":"https:\/\/schema.org","@graph":[{"@type":"WebPage","@id":"https:\/\/jetx.guide\/ro\/","url":"https:\/\/jetx.guide\/ro\/","name":"Joac\u0103 JetX Online > C\u00e2\u0219tig\u0103 sume mari pariind pe bani reali!","isPartOf":{"@id":"https:\/\/jetx.guide\/ro\/#website"},"datePublished":"2023-05-18T17:18:34+00:00","dateModified":"2025-07-03T10:45:35+00:00","description":"Experimenteaz\u0103 fiorul JetX, jocul dinamic de pariuri online. Elaboreaz\u0103 strategii, pariaz\u0103 \u0219i c\u00e2\u0219tig\u0103 sume mari cu jocuri \u00een timp real.","breadcrumb":{"@id":"https:\/\/jetx.guide\/ro\/#breadcrumb"},"inLanguage":"ro-RO","potentialAction":[{"@type":"ReadAction","target":["https:\/\/jetx.guide\/ro\/"]}]},{"@type":"BreadcrumbList","@id":"https:\/\/jetx.guide\/ro\/#breadcrumb","itemListElement":[{"@type":"ListItem","position":1,"name":"\u0413\u043b\u0430\u0432\u043d\u0430\u044f \u0441\u0442\u0440\u0430\u043d\u0438\u0446\u0430","item":"https:\/\/jetx.guide\/ro\/"},{"@type":"ListItem","position":2,"name":"Pagina principal\u0103"}]},{"@type":"WebSite","@id":"https:\/\/jetx.guide\/ro\/#website","url":"https:\/\/jetx.guide\/ro\/","name":"JetX RO","description":"My WordPress Blog","potentialAction":[{"@type":"SearchAction","target":{"@type":"EntryPoint","urlTemplate":"https:\/\/jetx.guide\/ro\/?s={search_term_string}"},"query-input":{"@type":"PropertyValueSpecification","valueRequired":true,"valueName":"search_term_string"}}],"inLanguage":"ro-RO"}]}},"_links":{"self":[{"href":"https:\/\/jetx.guide\/ro\/wp-json\/wp\/v2\/pages\/2","targetHints":{"allow":["GET"]}}],"collection":[{"href":"https:\/\/jetx.guide\/ro\/wp-json\/wp\/v2\/pages"}],"about":[{"href":"https:\/\/jetx.guide\/ro\/wp-json\/wp\/v2\/types\/page"}],"author":[{"embeddable":true,"href":"https:\/\/jetx.guide\/ro\/wp-json\/wp\/v2\/users\/1"}],"replies":[{"embeddable":true,"href":"https:\/\/jetx.guide\/ro\/wp-json\/wp\/v2\/comments?post=2"}],"version-history":[{"count":20,"href":"https:\/\/jetx.guide\/ro\/wp-json\/wp\/v2\/pages\/2\/revisions"}],"predecessor-version":[{"id":203,"href":"https:\/\/jetx.guide\/ro\/wp-json\/wp\/v2\/pages\/2\/revisions\/203"}],"wp:attachment":[{"href":"https:\/\/jetx.guide\/ro\/wp-json\/wp\/v2\/media?parent=2"}],"curies":[{"name":"wp","href":"https:\/\/api.w.org\/{rel}","templated":true}]}}